{"id":1465,"date":"2024-08-21T14:27:47","date_gmt":"2024-08-21T11:27:47","guid":{"rendered":"https:\/\/aceknyga.com\/contact\/"},"modified":"2024-09-26T01:24:11","modified_gmt":"2024-09-25T22:24:11","slug":"contact-us","status":"publish","type":"page","link":"https:\/\/aceknyga.com\/en\/contact-us\/","title":{"rendered":"Contact us"},"content":{"rendered":"\t\t<div data-elementor-type=\"wp-page\" data-elementor-id=\"1465\" class=\"elementor elementor-1465 elementor-23\" data-elementor-post-type=\"page\">\n\t\t\t\t<div class=\"elementor-element elementor-element-4b7784a e-flex e-con-boxed e-con e-parent\" data-id=\"4b7784a\" data-element_type=\"container\" data-settings=\"{&quot;background_background&quot;:&quot;classic&quot;}\">\n\t\t\t\t\t<div class=\"e-con-inner\">\n\t\t\t\t<div class=\"elementor-element elementor-element-ad0c2b8 elementor-widget elementor-widget-heading\" data-id=\"ad0c2b8\" data-element_type=\"widget\" data-widget_type=\"heading.default\">\n\t\t\t\t<div class=\"elementor-widget-container\">\n\t\t\t<h2 class=\"elementor-heading-title elementor-size-default\">CONTACT US<\/h2>\t\t<\/div>\n\t\t\t\t<\/div>\n\t\t\t\t\t<\/div>\n\t\t\t\t<\/div>\n\t\t<div class=\"elementor-element elementor-element-e205d79 e-con-full elementor-hidden-tablet elementor-hidden-mobile e-flex e-con e-parent\" data-id=\"e205d79\" data-element_type=\"container\" data-settings=\"{&quot;background_background&quot;:&quot;classic&quot;}\">\n\t\t<div class=\"elementor-element elementor-element-a5ecdc7 e-con-full e-flex e-con e-child\" data-id=\"a5ecdc7\" data-element_type=\"container\">\n\t\t\t\t<div class=\"elementor-element elementor-element-d2ebaf2 elementor-widget elementor-widget-heading\" data-id=\"d2ebaf2\" data-element_type=\"widget\" data-widget_type=\"heading.default\">\n\t\t\t\t<div class=\"elementor-widget-container\">\n\t\t\t<h2 class=\"elementor-heading-title elementor-size-default\">Contact us:<\/h2>\t\t<\/div>\n\t\t\t\t<\/div>\n\t\t\t\t<div class=\"elementor-element elementor-element-0e91c6d elementor-widget elementor-widget-text-editor\" data-id=\"0e91c6d\" data-element_type=\"widget\" data-widget_type=\"text-editor.default\">\n\t\t\t\t<div class=\"elementor-widget-container\">\n\t\t\t\t\t\t\t<p>info@aceknyga.com<\/p>\n<p>gabija@aceknyga.com<\/p>\n<p>+370 683 57311<\/p>\n\t\t\t\t\t\t<\/div>\n\t\t\t\t<\/div>\n\t\t\t\t<div class=\"elementor-element elementor-element-39c8688 elementor-widget elementor-widget-heading\" data-id=\"39c8688\" data-element_type=\"widget\" data-widget_type=\"heading.default\">\n\t\t\t\t<div class=\"elementor-widget-container\">\n\t\t\t<h2 class=\"elementor-heading-title elementor-size-default\">Requisites:<\/h2>\t\t<\/div>\n\t\t\t\t<\/div>\n\t\t\t\t<div class=\"elementor-element elementor-element-fc75672 elementor-widget elementor-widget-text-editor\" data-id=\"fc75672\" data-element_type=\"widget\" data-widget_type=\"text-editor.default\">\n\t\t\t\t<div class=\"elementor-widget-container\">\n\t\t\t\t\t\t\t<p>Leidykla Ace, MB<\/p>\n<p>Company code: 306921338 <\/p>\n<p>\u0160il\u0117n\u0173 str. 15, Kaunas <\/p>\n\t\t\t\t\t\t<\/div>\n\t\t\t\t<\/div>\n\t\t\t\t<\/div>\n\t\t<div class=\"elementor-element elementor-element-08da309 e-con-full e-flex e-con e-child\" data-id=\"08da309\" data-element_type=\"container\">\n\t\t\t\t<div class=\"elementor-element elementor-element-90454f5 elementor-widget elementor-widget-image\" data-id=\"90454f5\" data-element_type=\"widget\" data-widget_type=\"image.default\">\n\t\t\t\t<div class=\"elementor-widget-container\">\n\t\t\t\t\t\t\t\t\t\t\t\t\t<img decoding=\"async\" src=\"https:\/\/aceknyga.com\/wp-content\/uploads\/elementor\/thumbs\/kontaktai-qyerzob4jfm6vf73rbghe2t2p1wucacut2om7uin7k.png\" title=\"kontaktai\" alt=\"kontaktai\" loading=\"lazy\" \/>\t\t\t\t\t\t\t\t\t\t\t\t\t<\/div>\n\t\t\t\t<\/div>\n\t\t\t\t<\/div>\n\t\t\t\t<\/div>\n\t\t<div class=\"elementor-element elementor-element-02d4612 e-con-full elementor-hidden-desktop e-flex e-con e-parent\" data-id=\"02d4612\" data-element_type=\"container\" data-settings=\"{&quot;background_background&quot;:&quot;classic&quot;}\">\n\t\t<div class=\"elementor-element elementor-element-93fa0a6 e-con-full e-flex e-con e-child\" data-id=\"93fa0a6\" data-element_type=\"container\">\n\t\t\t\t<div class=\"elementor-element elementor-element-2fb4f17 elementor-widget elementor-widget-heading\" data-id=\"2fb4f17\" data-element_type=\"widget\" data-widget_type=\"heading.default\">\n\t\t\t\t<div class=\"elementor-widget-container\">\n\t\t\t<h2 class=\"elementor-heading-title elementor-size-default\">Contact us:<\/h2>\t\t<\/div>\n\t\t\t\t<\/div>\n\t\t\t\t<div class=\"elementor-element elementor-element-2536f73 elementor-widget elementor-widget-text-editor\" data-id=\"2536f73\" data-element_type=\"widget\" data-widget_type=\"text-editor.default\">\n\t\t\t\t<div class=\"elementor-widget-container\">\n\t\t\t\t\t\t\t<p>info@aceknyga.com<\/p>\n<p>gabija@aceknyga.com<\/p>\n<p>+370 683 57311<\/p>\n\t\t\t\t\t\t<\/div>\n\t\t\t\t<\/div>\n\t\t\t\t<div class=\"elementor-element elementor-element-4c601c8 elementor-widget elementor-widget-heading\" data-id=\"4c601c8\" data-element_type=\"widget\" data-widget_type=\"heading.default\">\n\t\t\t\t<div class=\"elementor-widget-container\">\n\t\t\t<h2 class=\"elementor-heading-title elementor-size-default\">Requisites:<\/h2>\t\t<\/div>\n\t\t\t\t<\/div>\n\t\t\t\t<div class=\"elementor-element elementor-element-0ad810c elementor-widget elementor-widget-text-editor\" data-id=\"0ad810c\" data-element_type=\"widget\" data-widget_type=\"text-editor.default\">\n\t\t\t\t<div class=\"elementor-widget-container\">\n\t\t\t\t\t\t\t<p>Leidykla Ace, MB<\/p>\n<p>Company code: 306921338 <\/p>\n<p>\u0160il\u0117n\u0173 str. 15, Kaunas <\/p>\n\t\t\t\t\t\t<\/div>\n\t\t\t\t<\/div>\n\t\t\t\t<\/div>\n\t\t<div class=\"elementor-element elementor-element-6af9f85 e-con-full e-flex e-con e-child\" data-id=\"6af9f85\" data-element_type=\"container\">\n\t\t\t\t<div class=\"elementor-element elementor-element-509dda6 elementor-widget elementor-widget-image\" data-id=\"509dda6\" data-element_type=\"widget\" data-widget_type=\"image.default\">\n\t\t\t\t<div class=\"elementor-widget-container\">\n\t\t\t\t\t\t\t\t\t\t\t\t\t<img decoding=\"async\" src=\"https:\/\/aceknyga.com\/wp-content\/uploads\/elementor\/thumbs\/kontaktai-qyerzob4jfm6vf73rbghe2t2p1wucacut2om7uin7k.png\" title=\"kontaktai\" alt=\"kontaktai\" loading=\"lazy\" \/>\t\t\t\t\t\t\t\t\t\t\t\t\t<\/div>\n\t\t\t\t<\/div>\n\t\t\t\t<\/div>\n\t\t\t\t<\/div>\n\t\t<div class=\"elementor-element elementor-element-d7c8974 e-flex e-con-boxed e-con e-parent\" data-id=\"d7c8974\" data-element_type=\"container\">\n\t\t\t\t\t<div class=\"e-con-inner\">\n\t\t\t\t<div class=\"elementor-element elementor-element-bf80ff4 elementor-widget elementor-widget-spacer\" data-id=\"bf80ff4\" data-element_type=\"widget\" data-widget_type=\"spacer.default\">\n\t\t\t\t<div class=\"elementor-widget-container\">\n\t\t\t\t\t<div class=\"elementor-spacer\">\n\t\t\t<div class=\"elementor-spacer-inner\"><\/div>\n\t\t<\/div>\n\t\t\t\t<\/div>\n\t\t\t\t<\/div>\n\t\t\t\t\t<\/div>\n\t\t\t\t<\/div>\n\t\t<div class=\"elementor-element elementor-element-f8133e1 e-flex e-con-boxed e-con e-parent\" data-id=\"f8133e1\" data-element_type=\"container\" data-settings=\"{&quot;background_background&quot;:&quot;classic&quot;}\">\n\t\t\t\t\t<div class=\"e-con-inner\">\n\t\t\t\t<div class=\"elementor-element elementor-element-6a53e8c elementor-widget elementor-widget-heading\" data-id=\"6a53e8c\" data-element_type=\"widget\" data-widget_type=\"heading.default\">\n\t\t\t\t<div class=\"elementor-widget-container\">\n\t\t\t<h2 class=\"elementor-heading-title elementor-size-default\">Get the latest news<\/h2>\t\t<\/div>\n\t\t\t\t<\/div>\n\t\t\t\t\t<\/div>\n\t\t\t\t<\/div>\n\t\t<div class=\"elementor-element elementor-element-67c6d32 e-flex e-con-boxed e-con e-parent\" data-id=\"67c6d32\" data-element_type=\"container\" data-settings=\"{&quot;background_background&quot;:&quot;classic&quot;}\">\n\t\t\t\t\t<div class=\"e-con-inner\">\n\t\t\t\t<div class=\"elementor-element elementor-element-0394ef4 elementor-widget elementor-widget-text-editor\" data-id=\"0394ef4\" data-element_type=\"widget\" data-widget_type=\"text-editor.default\">\n\t\t\t\t<div class=\"elementor-widget-container\">\n\t\t\t\t\t\t\t<p>                <div class=\"ml-embedded\" data-form=\"Jg1ffB\"><\/div>\n            <\/p>\n\t\t\t\t\t\t<\/div>\n\t\t\t\t<\/div>\n\t\t\t\t\t<\/div>\n\t\t\t\t<\/div>\n\t\t<div class=\"elementor-element elementor-element-d1bf428 e-flex e-con-boxed e-con e-parent\" data-id=\"d1bf428\" data-element_type=\"container\" data-settings=\"{&quot;background_background&quot;:&quot;classic&quot;}\">\n\t\t\t\t\t<div class=\"e-con-inner\">\n\t\t\t\t\t<\/div>\n\t\t\t\t<\/div>\n\t\t\t\t<\/div>\n\t\t","protected":false},"excerpt":{"rendered":"<p>CONTACT US Contact us: info@aceknyga.com gabija@aceknyga.com +370 683 57311 Requisites: Leidykla Ace, MB Company code: 306921338 \u0160il\u0117n\u0173 str. 15, Kaunas Contact us: info@aceknyga.com gabija@aceknyga.com +370 683 57311 Requisites: Leidykla Ace, MB Company code: 306921338 \u0160il\u0117n\u0173 str. 15, Kaunas Get the latest news<\/p>\n","protected":false},"author":1,"featured_media":0,"parent":0,"menu_order":0,"comment_status":"closed","ping_status":"closed","template":"","meta":{"rank_math_lock_modified_date":false,"_glsr_average":0,"_glsr_ranking":0,"_glsr_reviews":0,"footnotes":""},"class_list":["post-1465","page","type-page","status-publish","hentry"],"_links":{"self":[{"href":"https:\/\/aceknyga.com\/en\/wp-json\/wp\/v2\/pages\/1465","targetHints":{"allow":["GET"]}}],"collection":[{"href":"https:\/\/aceknyga.com\/en\/wp-json\/wp\/v2\/pages"}],"about":[{"href":"https:\/\/aceknyga.com\/en\/wp-json\/wp\/v2\/types\/page"}],"author":[{"embeddable":true,"href":"https:\/\/aceknyga.com\/en\/wp-json\/wp\/v2\/users\/1"}],"replies":[{"embeddable":true,"href":"https:\/\/aceknyga.com\/en\/wp-json\/wp\/v2\/comments?post=1465"}],"version-history":[{"count":5,"href":"https:\/\/aceknyga.com\/en\/wp-json\/wp\/v2\/pages\/1465\/revisions"}],"predecessor-version":[{"id":1733,"href":"https:\/\/aceknyga.com\/en\/wp-json\/wp\/v2\/pages\/1465\/revisions\/1733"}],"wp:attachment":[{"href":"https:\/\/aceknyga.com\/en\/wp-json\/wp\/v2\/media?parent=1465"}],"curies":[{"name":"wp","href":"https:\/\/api.w.org\/{rel}","templated":true}]}}