{"id":1463,"date":"2024-08-21T14:05:51","date_gmt":"2024-08-21T11:05:51","guid":{"rendered":"https:\/\/aceknyga.com\/cart\/"},"modified":"2024-09-24T13:16:06","modified_gmt":"2024-09-24T10:16:06","slug":"cart","status":"publish","type":"page","link":"https:\/\/aceknyga.com\/en\/cart\/","title":{"rendered":"Cart"},"content":{"rendered":"\t\t<div data-elementor-type=\"wp-page\" data-elementor-id=\"1463\" class=\"elementor elementor-1463 elementor-8\" data-elementor-post-type=\"page\">\n\t\t\t\t<div class=\"elementor-element elementor-element-2f0adeb e-flex e-con-boxed e-con e-parent\" data-id=\"2f0adeb\" data-element_type=\"container\">\n\t\t\t\t\t<div class=\"e-con-inner\">\n\t\t\t\t<div class=\"elementor-element elementor-element-0a4e724 e-cart-empty-template-active elementor-widget__width-inherit e-cart-layout-two-column elementor-widget elementor-widget-woocommerce-cart\" data-id=\"0a4e724\" data-element_type=\"widget\" data-settings=\"{&quot;additional_template_select&quot;:&quot;702&quot;}\" data-widget_type=\"woocommerce-cart.default\">\n\t\t\t\t<div class=\"elementor-widget-container\">\n\t\t\t\t\t<div data-elementor-type=\"section\" data-elementor-id=\"702\" class=\"elementor elementor-702\" data-elementor-post-type=\"elementor_library\">\n\t\t\t<div class=\"elementor-element elementor-element-3858717 e-flex e-con-boxed e-con e-parent\" data-id=\"3858717\" data-element_type=\"container\">\n\t\t\t\t\t<div class=\"e-con-inner\">\n\t\t\t\t<div class=\"elementor-element elementor-element-dede574 elementor-widget elementor-widget-image\" data-id=\"dede574\" data-element_type=\"widget\" data-widget_type=\"image.default\">\n\t\t\t\t<div class=\"elementor-widget-container\">\n\t\t\t\t\t\t\t\t\t\t\t\t\t<img decoding=\"async\" width=\"56\" height=\"50\" src=\"https:\/\/aceknyga.com\/wp-content\/uploads\/2024\/09\/cart.svg\" class=\"attachment-large size-large wp-image-703\" alt=\"\" \/>\t\t\t\t\t\t\t\t\t\t\t\t\t<\/div>\n\t\t\t\t<\/div>\n\t\t\t\t<div class=\"elementor-element elementor-element-21e42b7 elementor-widget elementor-widget-heading\" data-id=\"21e42b7\" data-element_type=\"widget\" data-widget_type=\"heading.default\">\n\t\t\t\t<div class=\"elementor-widget-container\">\n\t\t\t<h2 class=\"elementor-heading-title elementor-size-default\">Krep\u0161elis \u0161iuo metu tu\u0161\u010dias..<\/h2>\t\t<\/div>\n\t\t\t\t<\/div>\n\t\t<div class=\"elementor-element elementor-element-6fc141c e-con-full e-flex e-con e-child\" data-id=\"6fc141c\" data-element_type=\"container\">\n\t\t\t\t<div class=\"elementor-element elementor-element-2ca7d3b elementor-widget elementor-widget-button\" data-id=\"2ca7d3b\" data-element_type=\"widget\" data-widget_type=\"button.default\">\n\t\t\t\t<div class=\"elementor-widget-container\">\n\t\t\t\t\t<div class=\"elementor-button-wrapper\">\n\t\t\t<a class=\"elementor-button elementor-button-link elementor-size-sm\" href=\"\/\">\n\t\t\t\t\t\t<span class=\"elementor-button-content-wrapper\">\n\t\t\t\t\t\t\t\t\t<span class=\"elementor-button-text\">ATGAL \u012e PAGRINDIN\u012e<\/span>\n\t\t\t\t\t<\/span>\n\t\t\t\t\t<\/a>\n\t\t<\/div>\n\t\t\t\t<\/div>\n\t\t\t\t<\/div>\n\t\t\t\t<\/div>\n\t\t\t\t\t<\/div>\n\t\t\t\t<\/div>\n\t\t\t\t<\/div>\n\t\t\t\t<\/div>\n\t\t\t\t<\/div>\n\t\t\t\t\t<\/div>\n\t\t\t\t<\/div>\n\t\t\t\t<\/div>\n\t\t","protected":false},"excerpt":{"rendered":"<p>Krep\u0161elis \u0161iuo metu tu\u0161\u010dias.. ATGAL \u012e PAGRINDIN\u012e<\/p>\n","protected":false},"author":1,"featured_media":0,"parent":0,"menu_order":0,"comment_status":"closed","ping_status":"closed","template":"","meta":{"rank_math_lock_modified_date":false,"_glsr_average":0,"_glsr_ranking":0,"_glsr_reviews":0,"footnotes":""},"class_list":["post-1463","page","type-page","status-publish","hentry"],"_links":{"self":[{"href":"https:\/\/aceknyga.com\/en\/wp-json\/wp\/v2\/pages\/1463","targetHints":{"allow":["GET"]}}],"collection":[{"href":"https:\/\/aceknyga.com\/en\/wp-json\/wp\/v2\/pages"}],"about":[{"href":"https:\/\/aceknyga.com\/en\/wp-json\/wp\/v2\/types\/page"}],"author":[{"embeddable":true,"href":"https:\/\/aceknyga.com\/en\/wp-json\/wp\/v2\/users\/1"}],"replies":[{"embeddable":true,"href":"https:\/\/aceknyga.com\/en\/wp-json\/wp\/v2\/comments?post=1463"}],"version-history":[{"count":1,"href":"https:\/\/aceknyga.com\/en\/wp-json\/wp\/v2\/pages\/1463\/revisions"}],"predecessor-version":[{"id":1464,"href":"https:\/\/aceknyga.com\/en\/wp-json\/wp\/v2\/pages\/1463\/revisions\/1464"}],"wp:attachment":[{"href":"https:\/\/aceknyga.com\/en\/wp-json\/wp\/v2\/media?parent=1463"}],"curies":[{"name":"wp","href":"https:\/\/api.w.org\/{rel}","templated":true}]}}